{"id":986,"date":"2024-10-07T13:41:15","date_gmt":"2024-10-07T11:41:15","guid":{"rendered":"https:\/\/www.transaltitude.fr\/?page_id=986"},"modified":"2025-12-03T16:19:11","modified_gmt":"2025-12-03T15:19:11","slug":"reserver-son-billet","status":"publish","type":"page","link":"https:\/\/www.transaltitude.fr\/fr\/reserver-son-billet\/","title":{"rendered":"R\u00e9servez votre billet"},"content":{"rendered":"\n<p class=\"has-text-align-center has-regular-font-size\">Achetez vos billets en toute s\u00e9curit\u00e9 et en toute simplicit\u00e9 !<\/p>\n\n\n\n<figure class=\"wp-block-image size-large\"><img loading=\"lazy\" decoding=\"async\" width=\"1024\" height=\"473\" src=\"https:\/\/www.transaltitude.fr\/wp-content\/uploads\/2024\/10\/reserver-son-billet-1024x473.jpg\" alt=\"\" class=\"wp-image-1385\" srcset=\"https:\/\/www.transaltitude.fr\/wp-content\/uploads\/2024\/10\/reserver-son-billet-1024x473.jpg 1024w, https:\/\/www.transaltitude.fr\/wp-content\/uploads\/2024\/10\/reserver-son-billet-300x139.jpg 300w, https:\/\/www.transaltitude.fr\/wp-content\/uploads\/2024\/10\/reserver-son-billet-768x355.jpg 768w, https:\/\/www.transaltitude.fr\/wp-content\/uploads\/2024\/10\/reserver-son-billet-1536x710.jpg 1536w, https:\/\/www.transaltitude.fr\/wp-content\/uploads\/2024\/10\/reserver-son-billet-2048x946.jpg 2048w\" sizes=\"auto, (max-width: 1024px) 100vw, 1024px\" \/><\/figure>\n\n\n\n<h2 class=\"wp-block-heading\">En ligne<\/h2>\n\n\n\n<p>R\u00e9servez vos billets en ligne depuis notre site internet et tr\u00e8s prochainement depuis l&rsquo;application mobile !<\/p>\n\n\n\n<p>En r\u00e9servant en ligne :<br>&#8211; vous avez la&nbsp;<strong>garantie d&rsquo;une place \u00e0 bord d&rsquo;un car \u00e0 l&rsquo;horaire de votre choix<\/strong>.<br>&#8211; vous \u00eates&nbsp;<strong>prioritaire \u00e0 la mont\u00e9e<\/strong>&nbsp;du car.<br><br>Pour le jour du d\u00e9part,&nbsp;pr\u00e9sentez votre billet (version papier ou e-billet) au conducteur avant de monter dans le car.<\/p>\n\n\n\n<figure class=\"wp-block-embed is-type-video is-provider-youtube wp-block-embed-youtube wp-embed-aspect-16-9 wp-has-aspect-ratio\"><div class=\"wp-block-embed__wrapper\">\n<iframe loading=\"lazy\" title=\"Transaltitude - R\u00e9server son billet\" width=\"500\" height=\"281\" src=\"https:\/\/www.youtube.com\/embed\/oBptOMSZ1mQ?feature=oembed\" frameborder=\"0\" allow=\"accelerometer; autoplay; clipboard-write; encrypted-media; gyroscope; picture-in-picture; web-share\" referrerpolicy=\"strict-origin-when-cross-origin\" allowfullscreen><\/iframe>\n<\/div><\/figure>\n\n\n\n<h2 class=\"wp-block-heading\">Par t\u00e9l\u00e9phone<\/h2>\n\n\n\n<p>Vous pouvez aussi vous renseigner et acheter vos billets aupr\u00e8s du centre d&rsquo;appel au <strong> 04 8000 7000<\/strong>, du lundi au samedi de 8h00 \u00e0 19h00. Vous recevrez vos billets par mail pour impression.<\/p>\n\n\n\n<h2 class=\"wp-block-heading\">En boutique <\/h2>\n\n\n\n<details class=\"wp-block-details has-normal-color has-text-color has-link-color wp-elements-4a1702a488bfe5252a5f0e0fe2feda4a is-layout-flow wp-block-details-is-layout-flow\"><summary>En gare SNCF de Grenoble<\/summary>\n<p>L\u2019achat en gare de titres de transport peut s\u2019effectuer le jour m\u00eame du d\u00e9part &#8211; sous r\u00e9serve de places disponibles &#8211; au Point de vente <strong><a href=\"https:\/\/www.garesetconnexions.sncf\/fr\/gares-services\/grenoble\/services-commerces\/billetterie-information-oura\">\u00ab\u00a0Billetterie Information O\u00f9RA\u00a0\u00bb<\/a>.<\/strong> situ\u00e9 dans la gare SNCF de Grenoble, <strong>\u00e0 50 m\u00e8tres de la gare routi\u00e8re<\/strong> \u00e0 l&rsquo;adresse suivante : 1 place de la Gare, 38000 Grenoble. L&rsquo;agence est ouverte du lundi au dimanche de 7h00 \u00e0 19h30. La vente \u00e0 bord du car n&rsquo;est possible qu&rsquo;en dehors des horaires d&rsquo;ouverture de l&rsquo;agence.<\/p>\n\n\n\n<p>La vente des billets SKILIGNE (Transport + Forfait ski) est aussi disponible sur ce point de vente.<\/p>\n\n\n\n<p><\/p>\n<\/details>\n\n\n\n<details class=\"wp-block-details has-normal-color has-text-color has-link-color wp-elements-6f4fc52f97e3c5c4ba6285b572fda354 is-layout-flow wp-block-details-is-layout-flow\"><summary>En agences commerciales <\/summary>\n<p><\/p>\n\n\n\n<div class=\"wp-block-columns is-layout-flex wp-container-core-columns-is-layout-9d6595d7 wp-block-columns-is-layout-flex\">\n<div class=\"wp-block-column is-layout-flow wp-block-column-is-layout-flow\">\n<h4 class=\"wp-block-heading has-text-align-left has-normal-color has-text-color has-link-color wp-elements-b20040f0490ed6836cd564083175f94f\"><strong>Bourg d&rsquo;Oisans<\/strong><\/h4>\n\n\n\n<p class=\"has-text-align-left has-black-color has-text-color has-link-color wp-elements-74ff28c5118efee76abb58dab05d5457\">Agence VFD 152 rue de la Gare<br>Ouvert le mercredi de 9h00 \u00e012h00 et de 14h00 \u00e0 17h00<\/p>\n<\/div>\n<\/div>\n<\/details>\n\n\n\n<details class=\"wp-block-details has-normal-color has-text-color has-link-color wp-elements-03ce9bf9e94d13e7ff2e75f1fcf98659 is-layout-flow wp-block-details-is-layout-flow\"><summary>En offices du tourisme <\/summary>\n<p><\/p>\n\n\n\n<div class=\"wp-block-columns is-layout-flex wp-container-core-columns-is-layout-9d6595d7 wp-block-columns-is-layout-flex\">\n<div class=\"wp-block-column is-layout-flow wp-block-column-is-layout-flow\">\n<h4 class=\"wp-block-heading has-text-align-left has-normal-color has-text-color has-link-color wp-elements-8e593e1cad05aba0e7483c031874f643\"><strong>Point Info 2 Alpes<\/strong><\/h4>\n\n\n\n<p class=\"has-text-align-left\">4 place des 2 Alpes &#8211; 38860 Les 2 Alpes<br>T\u00e9l. : 04 76 79 25 00<\/p>\n<\/div>\n\n\n\n<div class=\"wp-block-column is-layout-flow wp-block-column-is-layout-flow\">\n<h4 class=\"wp-block-heading has-text-align-left has-normal-color has-text-color has-link-color wp-elements-4aed83c3105face63bf061494d252d3c\"><strong>Office de Tourisme l&rsquo;Alpe d&rsquo;Huez<\/strong><\/h4>\n\n\n\n<p class=\"has-text-align-left\">Place Paganon&nbsp;&#8211; 38750 L&rsquo;Alpe d&rsquo;Huez<br>T\u00e9l. : 04 76 11&nbsp;44&nbsp;44<\/p>\n<\/div>\n<\/div>\n<\/details>\n\n\n\n<h2 class=\"wp-block-heading\">EN POINT DE VENTE PARTENAIRE<\/h2>\n\n\n\n<p>H\u00f4tel CAMPANILE Grenoble centre gare &#8211; 6 place de la gare 38000 Grenoble<\/p>\n\n\n\n<h2 class=\"wp-block-heading has-text-align-left\">\u00c0 bord du car<\/h2>\n\n\n\n<div class=\"wp-block-media-text is-stacked-on-mobile is-image-fill\" style=\"grid-template-columns:37% auto\"><figure class=\"wp-block-media-text__media\" style=\"background-image:url(https:\/\/www.transaltitude.fr\/wp-content\/uploads\/2024\/10\/skiligne_vfd_klip-029-1-1024x683.jpg);background-position:50% 50%\"><img loading=\"lazy\" decoding=\"async\" width=\"1024\" height=\"683\" src=\"https:\/\/www.transaltitude.fr\/wp-content\/uploads\/2024\/10\/skiligne_vfd_klip-029-1-1024x683.jpg\" alt=\"\" class=\"wp-image-1010 size-full\" srcset=\"https:\/\/www.transaltitude.fr\/wp-content\/uploads\/2024\/10\/skiligne_vfd_klip-029-1-1024x683.jpg 1024w, https:\/\/www.transaltitude.fr\/wp-content\/uploads\/2024\/10\/skiligne_vfd_klip-029-1-300x200.jpg 300w, https:\/\/www.transaltitude.fr\/wp-content\/uploads\/2024\/10\/skiligne_vfd_klip-029-1-768x512.jpg 768w, https:\/\/www.transaltitude.fr\/wp-content\/uploads\/2024\/10\/skiligne_vfd_klip-029-1-1536x1024.jpg 1536w, https:\/\/www.transaltitude.fr\/wp-content\/uploads\/2024\/10\/skiligne_vfd_klip-029-1-2048x1365.jpg 2048w\" sizes=\"auto, (max-width: 1024px) 100vw, 1024px\" \/><\/figure><div class=\"wp-block-media-text__content\">\n<p>La vente \u00e0 bord du car n&rsquo;est possible qu&rsquo;en dehors des horaires d&rsquo;ouverture du Point de vente <strong><a href=\"https:\/\/www.garesetconnexions.sncf\/fr\/gares-services\/grenoble\/services-commerces\/billetterie-information-oura\">\u00ab\u00a0Billetterie Information O\u00f9RA\u00a0\u00bb<\/a><\/strong> situ\u00e9 \u00e0 proximit\u00e9 imm\u00e9diate de la gare routi\u00e8re.<\/p>\n\n\n\n<p>Ne sont vendus \u00e0 bord du v\u00e9hicule que les <strong>billets ALLER SIMPLE<\/strong> valables le jour m\u00eame, <strong>sous r\u00e9serve de places disponibles <\/strong>et suppl\u00e9ments bagages.<\/p>\n\n\n\n<p>Les abonn\u00e9s Cars R\u00e9gion&nbsp;b\u00e9n\u00e9ficient d&rsquo;un tarif r\u00e9duit sur pr\u00e9sentation de leur carte O\u00f9ra.<\/p>\n\n\n\n<p><strong>Seul les r\u00e8glement en esp\u00e8ce sont accept\u00e9s pour un achat \u00e0 bord du car. <\/strong><\/p>\n<\/div><\/div>\n\n\n\n<p><\/p>\n","protected":false},"excerpt":{"rendered":"<p>Achetez vos billets en toute s\u00e9curit\u00e9 et en toute simplicit\u00e9 ! En ligne R\u00e9servez vos billets en ligne depuis notre site internet et tr\u00e8s prochainement depuis l&rsquo;application mobile ! En r\u00e9servant en ligne :&#8211; vous avez la&nbsp;garantie d&rsquo;une place \u00e0 bord d&rsquo;un car \u00e0 l&rsquo;horaire de votre choix.&#8211; vous \u00eates&nbsp;prioritaire \u00e0 la mont\u00e9e&nbsp;du car. Pour [&hellip;]<\/p>\n","protected":false},"author":6,"featured_media":0,"parent":0,"menu_order":0,"comment_status":"closed","ping_status":"closed","template":"","meta":{"_acf_changed":false,"_seopress_robots_primary_cat":"","_seopress_titles_title":"R\u00e9servez votre billet Transaltitude \/ Skiligne","_seopress_titles_desc":"Achetez votre billet en toute s\u00e9curit\u00e9 sur notre site internet, par t\u00e9l\u00e9phone, en boutique ou \u00e0 bord du car. Retrouvez toutes les informations concernant l'achat d'un billet.","_seopress_robots_index":"","footnotes":""},"class_list":["post-986","page","type-page","status-publish","hentry"],"acf":[],"_links":{"self":[{"href":"https:\/\/www.transaltitude.fr\/fr\/wp-json\/wp\/v2\/pages\/986","targetHints":{"allow":["GET"]}}],"collection":[{"href":"https:\/\/www.transaltitude.fr\/fr\/wp-json\/wp\/v2\/pages"}],"about":[{"href":"https:\/\/www.transaltitude.fr\/fr\/wp-json\/wp\/v2\/types\/page"}],"author":[{"embeddable":true,"href":"https:\/\/www.transaltitude.fr\/fr\/wp-json\/wp\/v2\/users\/6"}],"replies":[{"embeddable":true,"href":"https:\/\/www.transaltitude.fr\/fr\/wp-json\/wp\/v2\/comments?post=986"}],"version-history":[{"count":54,"href":"https:\/\/www.transaltitude.fr\/fr\/wp-json\/wp\/v2\/pages\/986\/revisions"}],"predecessor-version":[{"id":2813,"href":"https:\/\/www.transaltitude.fr\/fr\/wp-json\/wp\/v2\/pages\/986\/revisions\/2813"}],"wp:attachment":[{"href":"https:\/\/www.transaltitude.fr\/fr\/wp-json\/wp\/v2\/media?parent=986"}],"curies":[{"name":"wp","href":"https:\/\/api.w.org\/{rel}","templated":true}]}}