{"id":820,"date":"2024-09-24T18:45:36","date_gmt":"2024-09-24T16:45:36","guid":{"rendered":"https:\/\/www.transaltitude.fr\/?page_id=820"},"modified":"2024-10-15T15:44:47","modified_gmt":"2024-10-15T13:44:47","slug":"horaires-et-tarifs-skiligne","status":"publish","type":"page","link":"https:\/\/www.transaltitude.fr\/fr\/horaires-et-tarifs-skiligne\/","title":{"rendered":"Horaires et tarifs Skiligne"},"content":{"rendered":"\n<p>Ne pas supprimer<\/p>\n","protected":false},"excerpt":{"rendered":"<p>Ne pas supprimer<\/p>\n","protected":false},"author":1,"featured_media":0,"parent":0,"menu_order":0,"comment_status":"closed","ping_status":"closed","template":"page-horaires-tarifs-skiligne.php","meta":{"_acf_changed":false,"_seopress_robots_primary_cat":"","_seopress_titles_title":"Horaires et tarifs Skiligne - Transaltitude","_seopress_titles_desc":"Skiligne c'est le transport en car + le forfait de ski alpin ou nordique. Profitez d\u2019une offre tout compris \u00e0 la journ\u00e9e \u00e0 petit prix \u00e0 destination de 9 stations !\n","_seopress_robots_index":"","footnotes":""},"class_list":["post-820","page","type-page","status-publish","hentry"],"acf":[],"_links":{"self":[{"href":"https:\/\/www.transaltitude.fr\/fr\/wp-json\/wp\/v2\/pages\/820","targetHints":{"allow":["GET"]}}],"collection":[{"href":"https:\/\/www.transaltitude.fr\/fr\/wp-json\/wp\/v2\/pages"}],"about":[{"href":"https:\/\/www.transaltitude.fr\/fr\/wp-json\/wp\/v2\/types\/page"}],"author":[{"embeddable":true,"href":"https:\/\/www.transaltitude.fr\/fr\/wp-json\/wp\/v2\/users\/1"}],"replies":[{"embeddable":true,"href":"https:\/\/www.transaltitude.fr\/fr\/wp-json\/wp\/v2\/comments?post=820"}],"version-history":[{"count":2,"href":"https:\/\/www.transaltitude.fr\/fr\/wp-json\/wp\/v2\/pages\/820\/revisions"}],"predecessor-version":[{"id":1323,"href":"https:\/\/www.transaltitude.fr\/fr\/wp-json\/wp\/v2\/pages\/820\/revisions\/1323"}],"wp:attachment":[{"href":"https:\/\/www.transaltitude.fr\/fr\/wp-json\/wp\/v2\/media?parent=820"}],"curies":[{"name":"wp","href":"https:\/\/api.w.org\/{rel}","templated":true}]}}