{"id":160,"date":"2024-08-28T14:20:02","date_gmt":"2024-08-28T12:20:02","guid":{"rendered":"https:\/\/www.transaltitude.fr\/?page_id=160"},"modified":"2024-12-27T16:16:37","modified_gmt":"2024-12-27T15:16:37","slug":"liste-des-bons-plans","status":"publish","type":"page","link":"https:\/\/www.transaltitude.fr\/fr\/liste-des-bons-plans\/","title":{"rendered":"Bons plans \/ r\u00e9ductions"},"content":{"rendered":"\n<p>Ne pas supprimer<\/p>\n","protected":false},"excerpt":{"rendered":"<p>Ne pas supprimer<\/p>\n","protected":false},"author":1,"featured_media":0,"parent":0,"menu_order":0,"comment_status":"closed","ping_status":"closed","template":"page-bons-plans.php","meta":{"_acf_changed":false,"_seopress_robots_primary_cat":"","_seopress_titles_title":"Les bons plans Transaltitude","_seopress_titles_desc":"Profitez de bons plans et d'avantages \u00e0 Grenoble et en station avec Transaltitude : offres sur des activit\u00e9s, location de mat\u00e9riel, restauration...","_seopress_robots_index":"","footnotes":""},"class_list":["post-160","page","type-page","status-publish","hentry"],"acf":[],"_links":{"self":[{"href":"https:\/\/www.transaltitude.fr\/fr\/wp-json\/wp\/v2\/pages\/160","targetHints":{"allow":["GET"]}}],"collection":[{"href":"https:\/\/www.transaltitude.fr\/fr\/wp-json\/wp\/v2\/pages"}],"about":[{"href":"https:\/\/www.transaltitude.fr\/fr\/wp-json\/wp\/v2\/types\/page"}],"author":[{"embeddable":true,"href":"https:\/\/www.transaltitude.fr\/fr\/wp-json\/wp\/v2\/users\/1"}],"replies":[{"embeddable":true,"href":"https:\/\/www.transaltitude.fr\/fr\/wp-json\/wp\/v2\/comments?post=160"}],"version-history":[{"count":4,"href":"https:\/\/www.transaltitude.fr\/fr\/wp-json\/wp\/v2\/pages\/160\/revisions"}],"predecessor-version":[{"id":2316,"href":"https:\/\/www.transaltitude.fr\/fr\/wp-json\/wp\/v2\/pages\/160\/revisions\/2316"}],"wp:attachment":[{"href":"https:\/\/www.transaltitude.fr\/fr\/wp-json\/wp\/v2\/media?parent=160"}],"curies":[{"name":"wp","href":"https:\/\/api.w.org\/{rel}","templated":true}]}}