{"id":1493,"date":"2024-10-17T11:33:04","date_gmt":"2024-10-17T09:33:04","guid":{"rendered":"https:\/\/www.transaltitude.fr\/?page_id=1493"},"modified":"2026-02-25T11:37:03","modified_gmt":"2026-02-25T10:37:03","slug":"jeux-concours","status":"publish","type":"page","link":"https:\/\/www.transaltitude.fr\/fr\/jeux-concours\/","title":{"rendered":"Jeux-concours"},"content":{"rendered":"\n<h2 class=\"wp-block-heading\">R\u00e8glement des jeux concours<\/h2>\n\n\n\n<p>Pour \u00eatre inform\u00e9s des jeux, abonnez vous \u00e0 nos&nbsp;pages<a href=\"https:\/\/www.facebook.com\/skiligne38\/\" target=\"_blank\" rel=\"noreferrer noopener\"> Facebook<\/a> et <a href=\"https:\/\/www.instagram.com\/skiligne38\/\">Instagram<\/a> ! <br>Bonne chance \u00e0 vous !<\/p>\n\n\n\n<p><\/p>\n\n\n\n<h3 class=\"wp-block-heading\"><strong>JEU DE LANCEMENT TRANSALTITUDE<\/strong><\/h3>\n\n\n\n<p>Du<strong> 10 novembre au 16 d\u00e9cembre 2025<\/strong> Transaltitude vous invite \u00e0 jouer ! Plus de 1000 \u20ac de cadeaux \u00e0 gagner&#8230; Tirage au sort parmi les meilleurs scores le 17 d\u00e9cembre 2025. Jeu r\u00e9serv\u00e9 aux clients Transaltitude de la saison 2024-2025 et de la saison en cours 2025-2026. <strong>Le jeu est termin\u00e9. F\u00e9licitations aux 40 gagnants.<\/strong> Ils ont \u00e9t\u00e9 contact\u00e9s par mail.<\/p>\n\n\n\n<div class=\"wp-block-buttons is-layout-flex wp-block-buttons-is-layout-flex\">\n<div class=\"wp-block-button\"><a class=\"wp-block-button__link wp-element-button\" href=\"https:\/\/www.transaltitude.fr\/wp-content\/uploads\/2025\/11\/Reglement-Jeu-concours-2025-2026.pdf\">R\u00e8glement du jeu concours<\/a><\/div>\n<\/div>\n\n\n\n<p><\/p>\n\n\n\n<h3 class=\"wp-block-heading\"><strong>JEU sp\u00c9cial OPENING stations ALPE D&rsquo;HUEZ et 2 ALPES <\/strong><\/h3>\n\n\n\n<p>Du <strong>19 novembre au 03 d\u00e9cembre 2025<\/strong> &#8211; Jeu concours sp\u00e9cial Opening sur Instagram (Les 2 Alpes) et Facebook (Alpe d&rsquo;Huez) ! 2 forfaits Skiligne Alpe d&rsquo;Huez et Les 2 Alpes \u00e0 gagner en partenariat avec les stations. <strong>Le jeu est termin\u00e9<\/strong>.  <strong>F\u00e9licitations \u00e0 Blanca P. (2 Alpes) et Delphine L (Alpe d&rsquo;Huez).<\/strong><\/p>\n\n\n\n<div class=\"wp-block-buttons is-layout-flex wp-block-buttons-is-layout-flex\">\n<div class=\"wp-block-button\"><a class=\"wp-block-button__link wp-element-button\" href=\"https:\/\/www.transaltitude.fr\/wp-content\/uploads\/2025\/11\/REGLEMENT-DE-JEU-CONCOURS_1_SPECIAL_OPENING_AH-FB.pdf\">R\u00e8glement du jeu concours ALPE D&rsquo;HUEZ facebook<\/a><\/div>\n<\/div>\n\n\n\n<div class=\"wp-block-buttons is-layout-flex wp-block-buttons-is-layout-flex\">\n<div class=\"wp-block-button\"><a class=\"wp-block-button__link wp-element-button\" href=\"https:\/\/www.transaltitude.fr\/wp-content\/uploads\/2025\/11\/REGLEMENT-DE-JEU-CONCOURS_1_SPECIAL_OPENING_2A_INSTA.pdf\">R\u00e8glement du jeu concours 2 ALPES instagram<\/a><\/div>\n<\/div>\n\n\n\n<p><\/p>\n\n\n\n<h3 class=\"wp-block-heading\"><strong>JEU sp\u00c9cial station autrans-meaudre en vercors <\/strong><\/h3>\n\n\n\n<p>Du<strong> 17 au 23 d\u00e9cembre 2025<\/strong> &#8211; Jeu concours sp\u00e9cial station Autrans &#8211; M\u00e9audre en Vercors sur skiligne38 (instagram et facebook) ! 2 forfaits Skiligne Autrans (domaine alpin La Sure) \u00e0 gagner en partenariat avec la station. <strong>Le jeu est termin\u00e9.<\/strong> <strong>F\u00e9licitations \u00e0 C\u00e9cile P. <\/strong><\/p>\n\n\n\n<p><\/p>\n\n\n\n<div class=\"wp-block-buttons is-layout-flex wp-block-buttons-is-layout-flex\">\n<div class=\"wp-block-button\"><a class=\"wp-block-button__link wp-element-button\" href=\"https:\/\/www.transaltitude.fr\/wp-content\/uploads\/2025\/12\/REGLEMENT-DE-JEU-CONCOURS_2_LANCEMENT-SAISON_AUTRANS_INSTA_FACEBOOK.pdf\">reglement du jeu<\/a><\/div>\n<\/div>\n\n\n\n<p><\/p>\n\n\n\n<h3 class=\"wp-block-heading\"><strong>jeu sp\u00c9cial station LANS EN VERCORS <\/strong><\/h3>\n\n\n\n<p>Du <strong>30 d\u00e9cembre 2025 au 6 janvier 2026<\/strong>, jeu concours sp\u00e9cial station Lans en Vercors sur skiligne 38 (instagram et facebook) ! 2 forfaits Skiligne Lans en Vercors (domaine alpin Montagnes de Lans) \u00e0 gagner en partenariat avec la station. <strong>Le jeu est termin\u00e9.<\/strong> <strong>F\u00e9licitations \u00e0 Ines.<\/strong><\/p>\n\n\n\n<div class=\"wp-block-buttons is-layout-flex wp-block-buttons-is-layout-flex\">\n<div class=\"wp-block-button\"><a class=\"wp-block-button__link wp-element-button\" href=\"https:\/\/www.transaltitude.fr\/wp-content\/uploads\/2025\/12\/REGLEMENT-DE-JEU-CONCOURS_3_SPECIAL-STATION_LANS_INSTA_FACEBOOK.pdf\">REGLEMENT DU JEU<\/a><\/div>\n<\/div>\n\n\n\n<p><\/p>\n\n\n\n<h3 class=\"wp-block-heading\"><strong>JEU SP\u00c9CIAL ALLEMOND <\/strong><\/h3>\n\n\n\n<p>Du <strong>12 au 18 janvier<\/strong>, jeu concours sp\u00e9cial ALLEMOND sur skiligne 38 (instagram et facebook) ! 2 forfaits Skiligne ALLEMOND (domaine alpin Grand Domaine Ski Alpe d&rsquo;Huez) \u00e0 gagner en partenariat avec la station. <strong>Le jeu est termin\u00e9.<\/strong> <strong>F\u00e9licitations \u00e0 Lucie C<\/strong>.<\/p>\n\n\n\n<div class=\"wp-block-buttons is-layout-flex wp-block-buttons-is-layout-flex\">\n<div class=\"wp-block-button\"><a class=\"wp-block-button__link wp-element-button\" href=\"https:\/\/www.transaltitude.fr\/wp-content\/uploads\/2026\/01\/REGLEMENT-DE-JEU-CONCOURS_4_SPECIAL_OPENING_ALLEMOND_INSTA_FACEBOOK.pdf\">reglement du jeu<\/a><\/div>\n<\/div>\n\n\n\n<h3 class=\"wp-block-heading\"><strong>JEU SP\u00c9CIAL STATION GRESSE EN VERCORS <\/strong><\/h3>\n\n\n\n<p>Du <strong>20 au 29 janvier<\/strong>, jeu concours sp\u00e9cial GRESSE EN VERCORS sur skiligne 38 (instagram et facebook) ! 2 forfaits Skiligne GRESSE EN VERCORS (domaine alpin) \u00e0 gagner en partenariat avec la station. <strong>le jeu est termin\u00e9.<\/strong> F\u00e9licitations \u00e0 Majd Y. <\/p>\n\n\n\n<div class=\"wp-block-buttons is-layout-flex wp-block-buttons-is-layout-flex\">\n<div class=\"wp-block-button\"><a class=\"wp-block-button__link wp-element-button\" href=\"https:\/\/www.transaltitude.fr\/wp-content\/uploads\/2026\/01\/REGLEMENT-DE-JEU-CONCOURS_5_SPECIAL-STATION_GRESSE_INSTA_FACEBOOK.pdf\" target=\"_blank\" rel=\"noreferrer noopener\">reglement du jeu<\/a><\/div>\n<\/div>\n\n\n\n<h3 class=\"wp-block-heading\"><strong>JEU \u00ab\u00a0JUMP JUMP\u00a0\u00bb STATION ALPE D&rsquo;HUEZ <\/strong><\/h3>\n\n\n\n<p>Du <strong>3 au 12 f\u00e9vrier<\/strong>, jeu concours en ligne sp\u00e9cial ALPE D&rsquo;HUEZ sur skiligne 38 (instagram et facebook) ! 2 forfaits Skiligne ALPE D&rsquo;HUEZ (domaine alpin) \u00e0 gagner en partenariat avec la station. <strong>le jeu est termin\u00e9. F\u00e9licitations \u00e0 Ward S.<\/strong><\/p>\n\n\n\n<div class=\"wp-block-buttons is-layout-flex wp-block-buttons-is-layout-flex\">\n<div class=\"wp-block-button\"><a class=\"wp-block-button__link wp-element-button\" href=\"https:\/\/www.transaltitude.fr\/wp-content\/uploads\/2026\/02\/REGLEMENT-DE-JEU-CONCOURS_6_SAINT-VALENTIN_ALPE_HUEZ_INSTA_FACEBOOK.pdf\" target=\"_blank\" rel=\"noreferrer noopener\">reglement du jeu<\/a><\/div>\n<\/div>\n\n\n\n<h3 class=\"wp-block-heading\"><strong>JEU \u00ab\u00a0MATCH 3\u00a0\u00bb STATION les 2 alpes <\/strong><\/h3>\n\n\n\n<p>Du <strong>16 au 24 f\u00e9vrier<\/strong>, jeu concours en ligne sp\u00e9cial LES 2 ALPES sur skiligne 38 (instagram et facebook) ! 2 forfaits Skiligne LES 2 ALPES (domaine alpin) \u00e0 gagner en partenariat avec la station. <strong>Le jeu est termin\u00e9. F\u00e9licitations \u00e0 Isild P.H. <\/strong><\/p>\n\n\n\n<div class=\"wp-block-buttons is-layout-flex wp-block-buttons-is-layout-flex\">\n<div class=\"wp-block-button\"><a class=\"wp-block-button__link wp-element-button\" href=\"https:\/\/www.transaltitude.fr\/wp-content\/uploads\/2026\/02\/REGLEMENT-DE-JEU-CONCOURS_7_SPECIAL_LES_2_ALPES_INSTA_FACEBOOK.pdf\" target=\"_blank\" rel=\"noreferrer noopener\">reglement du jeu<\/a><\/div>\n<\/div>\n\n\n\n<p><\/p>\n\n\n\n<p><\/p>\n\n\n\n<p><strong>F\u00e9licitations aux 48 gagnants des jeux-concours de la saison 2025-2026<\/strong><\/p>\n\n\n\n<p><strong>Rendez-vous en novembre pour les prochains jeux-concours !<\/strong><\/p>\n\n\n\n<p><\/p>\n","protected":false},"excerpt":{"rendered":"<p>R\u00e8glement des jeux concours Pour \u00eatre inform\u00e9s des jeux, abonnez vous \u00e0 nos&nbsp;pages Facebook et Instagram ! Bonne chance \u00e0 vous ! JEU DE LANCEMENT TRANSALTITUDE Du 10 novembre au 16 d\u00e9cembre 2025 Transaltitude vous invite \u00e0 jouer ! Plus de 1000 \u20ac de cadeaux \u00e0 gagner&#8230; Tirage au sort parmi les meilleurs scores le [&hellip;]<\/p>\n","protected":false},"author":6,"featured_media":0,"parent":0,"menu_order":0,"comment_status":"closed","ping_status":"closed","template":"","meta":{"_acf_changed":false,"_seopress_robots_primary_cat":"","_seopress_titles_title":"","_seopress_titles_desc":"","_seopress_robots_index":"","footnotes":""},"class_list":["post-1493","page","type-page","status-publish","hentry"],"acf":[],"_links":{"self":[{"href":"https:\/\/www.transaltitude.fr\/fr\/wp-json\/wp\/v2\/pages\/1493","targetHints":{"allow":["GET"]}}],"collection":[{"href":"https:\/\/www.transaltitude.fr\/fr\/wp-json\/wp\/v2\/pages"}],"about":[{"href":"https:\/\/www.transaltitude.fr\/fr\/wp-json\/wp\/v2\/types\/page"}],"author":[{"embeddable":true,"href":"https:\/\/www.transaltitude.fr\/fr\/wp-json\/wp\/v2\/users\/6"}],"replies":[{"embeddable":true,"href":"https:\/\/www.transaltitude.fr\/fr\/wp-json\/wp\/v2\/comments?post=1493"}],"version-history":[{"count":70,"href":"https:\/\/www.transaltitude.fr\/fr\/wp-json\/wp\/v2\/pages\/1493\/revisions"}],"predecessor-version":[{"id":3012,"href":"https:\/\/www.transaltitude.fr\/fr\/wp-json\/wp\/v2\/pages\/1493\/revisions\/3012"}],"wp:attachment":[{"href":"https:\/\/www.transaltitude.fr\/fr\/wp-json\/wp\/v2\/media?parent=1493"}],"curies":[{"name":"wp","href":"https:\/\/api.w.org\/{rel}","templated":true}]}}