{"id":1491,"date":"2024-10-17T11:26:44","date_gmt":"2024-10-17T09:26:44","guid":{"rendered":"https:\/\/www.transaltitude.fr\/?page_id=1491"},"modified":"2025-10-29T09:45:16","modified_gmt":"2025-10-29T08:45:16","slug":"conditions-generales-de-vente-transaltitude","status":"publish","type":"page","link":"https:\/\/www.transaltitude.fr\/fr\/conditions-generales-de-vente-transaltitude\/","title":{"rendered":"Conditions g\u00e9n\u00e9rales Transaltitude"},"content":{"rendered":"\n<figure class=\"wp-block-image size-large\"><img loading=\"lazy\" decoding=\"async\" width=\"1024\" height=\"473\" src=\"https:\/\/www.transaltitude.fr\/wp-content\/uploads\/2024\/10\/CGV-2-1024x473.jpg\" alt=\"\" class=\"wp-image-1932\" srcset=\"https:\/\/www.transaltitude.fr\/wp-content\/uploads\/2024\/10\/CGV-2-1024x473.jpg 1024w, https:\/\/www.transaltitude.fr\/wp-content\/uploads\/2024\/10\/CGV-2-300x139.jpg 300w, https:\/\/www.transaltitude.fr\/wp-content\/uploads\/2024\/10\/CGV-2-768x355.jpg 768w, https:\/\/www.transaltitude.fr\/wp-content\/uploads\/2024\/10\/CGV-2-1536x710.jpg 1536w, https:\/\/www.transaltitude.fr\/wp-content\/uploads\/2024\/10\/CGV-2-2048x946.jpg 2048w\" sizes=\"auto, (max-width: 1024px) 100vw, 1024px\" \/><\/figure>\n\n\n\n<h2 class=\"wp-block-heading\">Conditions g\u00e9n\u00e9rales de vente <\/h2>\n\n\n\n<p>Pour en savoir plus sur nos Conditions G\u00e9n\u00e9rales de Vente et d\u00e9couvrir l&rsquo;ensemble des informations relatives \u00e0 nos services, nous vous invitons \u00e0 cliquer sur le bouton ci-dessous :<\/p>\n\n\n\n<div class=\"wp-block-buttons cta is-horizontal is-content-justification-center is-layout-flex wp-container-core-buttons-is-layout-769315fb wp-block-buttons-is-layout-flex\">\n<div class=\"wp-block-button skiligne-button\"><a class=\"wp-block-button__link wp-element-button\" href=\"https:\/\/www.transaltitude.fr\/wp-content\/uploads\/2025\/10\/FR-CGV_TA_-2025-2025-V1.pdf\" target=\"_blank\" rel=\"noreferrer noopener\">D\u00e9couvrir nos cgv<\/a><\/div>\n<\/div>\n\n\n\n<h2 class=\"wp-block-heading\">Conditions g\u00e9n\u00e9rales d&rsquo;utilisation <\/h2>\n\n\n\n<p>Pour acc\u00e9der \u00e0 l&rsquo;int\u00e9gralit\u00e9 de nos Conditions G\u00e9n\u00e9rales d&rsquo;Utilisation et mieux comprendre nos services, veuillez cliquer sur le bouton ci-dessous :<\/p>\n\n\n\n<div class=\"wp-block-buttons cta is-horizontal is-content-justification-center is-layout-flex wp-container-core-buttons-is-layout-769315fb wp-block-buttons-is-layout-flex\">\n<div class=\"wp-block-button skiligne-button\"><a class=\"wp-block-button__link wp-element-button\" href=\"https:\/\/www.transaltitude.fr\/wp-content\/uploads\/2024\/11\/CGU_Bus-et-clic_-FR_Novembre-2024.pdf\" target=\"_blank\" rel=\"noreferrer noopener\">D\u00e9couvrir nos CGU<\/a><\/div>\n<\/div>\n\n\n\n<h2 class=\"wp-block-heading\">R\u00e8glement d&rsquo;exploitation <\/h2>\n\n\n\n<p>Pour consulter notre R\u00e8glement d&rsquo;Exploitation et mieux comprendre nos pratiques et proc\u00e9dures, cliquez simplement sur le bouton ci-dessous :<\/p>\n\n\n\n<div class=\"wp-block-buttons cta is-horizontal is-content-justification-center is-layout-flex wp-container-core-buttons-is-layout-769315fb wp-block-buttons-is-layout-flex\">\n<div class=\"wp-block-button skiligne-button\"><a class=\"wp-block-button__link wp-element-button\" href=\"https:\/\/www.transaltitude.fr\/wp-content\/uploads\/2024\/11\/FR-_Reglement-exploitation_TA_2024-2025_edition-07.11.24.pdf\" target=\"_blank\" rel=\"noreferrer noopener\">D\u00e9couvrir le r\u00e8glement d&rsquo;exploitation<\/a><\/div>\n<\/div>\n\n\n\n<p><\/p>\n","protected":false},"excerpt":{"rendered":"<p>Conditions g\u00e9n\u00e9rales de vente Pour en savoir plus sur nos Conditions G\u00e9n\u00e9rales de Vente et d\u00e9couvrir l&rsquo;ensemble des informations relatives \u00e0 nos services, nous vous invitons \u00e0 cliquer sur le bouton ci-dessous : Conditions g\u00e9n\u00e9rales d&rsquo;utilisation Pour acc\u00e9der \u00e0 l&rsquo;int\u00e9gralit\u00e9 de nos Conditions G\u00e9n\u00e9rales d&rsquo;Utilisation et mieux comprendre nos services, veuillez cliquer sur le bouton [&hellip;]<\/p>\n","protected":false},"author":6,"featured_media":0,"parent":0,"menu_order":0,"comment_status":"closed","ping_status":"closed","template":"","meta":{"_acf_changed":false,"_seopress_robots_primary_cat":"","_seopress_titles_title":"","_seopress_titles_desc":"","_seopress_robots_index":"","footnotes":""},"class_list":["post-1491","page","type-page","status-publish","hentry"],"acf":[],"_links":{"self":[{"href":"https:\/\/www.transaltitude.fr\/fr\/wp-json\/wp\/v2\/pages\/1491","targetHints":{"allow":["GET"]}}],"collection":[{"href":"https:\/\/www.transaltitude.fr\/fr\/wp-json\/wp\/v2\/pages"}],"about":[{"href":"https:\/\/www.transaltitude.fr\/fr\/wp-json\/wp\/v2\/types\/page"}],"author":[{"embeddable":true,"href":"https:\/\/www.transaltitude.fr\/fr\/wp-json\/wp\/v2\/users\/6"}],"replies":[{"embeddable":true,"href":"https:\/\/www.transaltitude.fr\/fr\/wp-json\/wp\/v2\/comments?post=1491"}],"version-history":[{"count":9,"href":"https:\/\/www.transaltitude.fr\/fr\/wp-json\/wp\/v2\/pages\/1491\/revisions"}],"predecessor-version":[{"id":2733,"href":"https:\/\/www.transaltitude.fr\/fr\/wp-json\/wp\/v2\/pages\/1491\/revisions\/2733"}],"wp:attachment":[{"href":"https:\/\/www.transaltitude.fr\/fr\/wp-json\/wp\/v2\/media?parent=1491"}],"curies":[{"name":"wp","href":"https:\/\/api.w.org\/{rel}","templated":true}]}}