{"id":1279,"date":"2025-10-22T19:43:43","date_gmt":"2025-10-22T17:43:43","guid":{"rendered":"https:\/\/www.transaltitude.fr\/?page_id=1279"},"modified":"2025-10-22T19:43:43","modified_gmt":"2025-10-22T17:43:43","slug":"lapplication-transaltitude","status":"publish","type":"page","link":"https:\/\/www.transaltitude.fr\/fr\/lapplication-transaltitude\/","title":{"rendered":"L&rsquo;application Transaltitude"},"content":{"rendered":"\n<p class=\"has-text-align-center has-regular-font-size\">R\u00e9servez en quelques clics votre voyage !<\/p>\n\n\n\n<div class=\"wp-block-media-text has-media-on-the-right is-stacked-on-mobile\" style=\"grid-template-columns:auto 39%\"><div class=\"wp-block-media-text__content\">\n<p>Achetez et t\u00e9l\u00e9chargez vos billets depuis l&rsquo;application Transaltitude.<\/p>\n\n\n\n<p>Cette application vous permet de consulter les horaires et tarifs de vos destinations pr\u00e9f\u00e9r\u00e9es, tout en explorant les itin\u00e9raires possibles.<\/p>\n\n\n\n<p>Application \u00e0 t\u00e9l\u00e9charger depuis <strong><a href=\"https:\/\/apps.apple.com\/fr\/app\/transaltitude\/id6736898548\">App Store<\/a><\/strong> ou <strong><a href=\"https:\/\/play.google.com\/store\/apps\/details?id=com.kernix.busandclic.transaltitude&amp;hl=fr\">Google Play<\/a> <\/strong><\/p>\n<\/div><figure class=\"wp-block-media-text__media\"><img loading=\"lazy\" decoding=\"async\" width=\"1024\" height=\"768\" src=\"https:\/\/www.transaltitude.fr\/wp-content\/uploads\/2024\/10\/Plan-de-travail-3.png\" alt=\"\" class=\"wp-image-1457 size-full\" srcset=\"https:\/\/www.transaltitude.fr\/wp-content\/uploads\/2024\/10\/Plan-de-travail-3.png 1024w, https:\/\/www.transaltitude.fr\/wp-content\/uploads\/2024\/10\/Plan-de-travail-3-300x225.png 300w, https:\/\/www.transaltitude.fr\/wp-content\/uploads\/2024\/10\/Plan-de-travail-3-768x576.png 768w\" sizes=\"auto, (max-width: 1024px) 100vw, 1024px\" \/><\/figure><\/div>\n\n\n\n<p><\/p>\n","protected":false},"excerpt":{"rendered":"<p>R\u00e9servez en quelques clics votre voyage ! Achetez et t\u00e9l\u00e9chargez vos billets depuis l&rsquo;application Transaltitude. Cette application vous permet de consulter les horaires et tarifs de vos destinations pr\u00e9f\u00e9r\u00e9es, tout en explorant les itin\u00e9raires possibles. Application \u00e0 t\u00e9l\u00e9charger depuis App Store ou Google Play<\/p>\n","protected":false},"author":6,"featured_media":0,"parent":0,"menu_order":0,"comment_status":"closed","ping_status":"closed","template":"","meta":{"_acf_changed":false,"_seopress_robots_primary_cat":"","_seopress_titles_title":"L'application Transaltitude ","_seopress_titles_desc":"Une nouvelle application arrive bient\u00f4t pour simplifier vos voyages et vos r\u00e9servations ! D\u00e9couvrez ses fonctionnalit\u00e9s, sa date de sortie et tous les avantages de cette nouvelle application.","_seopress_robots_index":"","footnotes":""},"class_list":["post-1279","page","type-page","status-publish","hentry"],"acf":[],"_links":{"self":[{"href":"https:\/\/www.transaltitude.fr\/fr\/wp-json\/wp\/v2\/pages\/1279","targetHints":{"allow":["GET"]}}],"collection":[{"href":"https:\/\/www.transaltitude.fr\/fr\/wp-json\/wp\/v2\/pages"}],"about":[{"href":"https:\/\/www.transaltitude.fr\/fr\/wp-json\/wp\/v2\/types\/page"}],"author":[{"embeddable":true,"href":"https:\/\/www.transaltitude.fr\/fr\/wp-json\/wp\/v2\/users\/6"}],"replies":[{"embeddable":true,"href":"https:\/\/www.transaltitude.fr\/fr\/wp-json\/wp\/v2\/comments?post=1279"}],"version-history":[{"count":4,"href":"https:\/\/www.transaltitude.fr\/fr\/wp-json\/wp\/v2\/pages\/1279\/revisions"}],"predecessor-version":[{"id":2701,"href":"https:\/\/www.transaltitude.fr\/fr\/wp-json\/wp\/v2\/pages\/1279\/revisions\/2701"}],"wp:attachment":[{"href":"https:\/\/www.transaltitude.fr\/fr\/wp-json\/wp\/v2\/media?parent=1279"}],"curies":[{"name":"wp","href":"https:\/\/api.w.org\/{rel}","templated":true}]}}