{"id":1117,"date":"2024-10-08T16:30:09","date_gmt":"2024-10-08T14:30:09","guid":{"rendered":"https:\/\/www.transaltitude.fr\/?page_id=1117"},"modified":"2026-02-11T11:38:49","modified_gmt":"2026-02-11T10:38:49","slug":"plan-des-gares","status":"publish","type":"page","link":"https:\/\/www.transaltitude.fr\/fr\/plan-des-gares\/","title":{"rendered":"Plan des gares"},"content":{"rendered":"\n<p class=\"has-text-align-center has-regular-font-size\">D\u00e9couvrez nos plans des gares routi\u00e8res et simplifiez vos trajets !<\/p>\n\n\n\n<h2 class=\"wp-block-heading\">Gare routi\u00e8re de Grenoble <\/h2>\n\n\n\n<figure class=\"wp-block-image size-full\"><img loading=\"lazy\" decoding=\"async\" width=\"920\" height=\"425\" src=\"https:\/\/www.transaltitude.fr\/wp-content\/uploads\/2024\/11\/GARE-GRENOBLE.jpg\" alt=\"\" class=\"wp-image-1973\" srcset=\"https:\/\/www.transaltitude.fr\/wp-content\/uploads\/2024\/11\/GARE-GRENOBLE.jpg 920w, https:\/\/www.transaltitude.fr\/wp-content\/uploads\/2024\/11\/GARE-GRENOBLE-300x139.jpg 300w, https:\/\/www.transaltitude.fr\/wp-content\/uploads\/2024\/11\/GARE-GRENOBLE-768x355.jpg 768w\" sizes=\"auto, (max-width: 920px) 100vw, 920px\" \/><\/figure>\n\n\n\n<p>La gare routi\u00e8re de Grenoble est situ\u00e9e \u00e0 quelques minutes \u00e0 peine de la gare SNCF. Pour y acc\u00e9der, rien de plus simple : prenez la sortie \u00ab\u00a0Centre-ville\u00a0\u00bb. Veillez \u00e0 ne pas emprunter la sortie \u00ab\u00a0Europole\u00a0\u00bb, qui vous dirigera dans la mauvaise direction.<\/p>\n\n\n\n<p>Une fois dehors, tournez \u00e0 gauche, la gare routi\u00e8re se trouve dans le prolongement de la gare SNCF, \u00e0 moins de 100 m\u00e8tres. Tous nos cars partent de cet emplacement. Les horaires de d\u00e9parts des cars sont affich\u00e9s sur des \u00e9crans et devant les quais.<\/p>\n\n\n\n<div class=\"wp-block-buttons is-content-justification-center is-layout-flex wp-container-core-buttons-is-layout-16018d1d wp-block-buttons-is-layout-flex\">\n<div class=\"wp-block-button\"><a class=\"wp-block-button__link has-text-align-center wp-element-button\" href=\"https:\/\/www.transaltitude.fr\/wp-content\/uploads\/2024\/11\/plan-GRG-24.jpg\" target=\"_blank\" rel=\"noreferrer noopener\">PLAN GARE GRENOBLE<\/a><\/div>\n<\/div>\n\n\n\n<h2 class=\"wp-block-heading\">Gare Routi\u00e8re de valence <\/h2>\n\n\n\n<figure class=\"wp-block-image size-full is-resized\"><img loading=\"lazy\" decoding=\"async\" width=\"920\" height=\"425\" src=\"https:\/\/www.transaltitude.fr\/wp-content\/uploads\/2024\/10\/VALENCE-TGV.jpg\" alt=\"\" class=\"wp-image-1286\" style=\"width:961px;height:auto\" srcset=\"https:\/\/www.transaltitude.fr\/wp-content\/uploads\/2024\/10\/VALENCE-TGV.jpg 920w, https:\/\/www.transaltitude.fr\/wp-content\/uploads\/2024\/10\/VALENCE-TGV-300x139.jpg 300w, https:\/\/www.transaltitude.fr\/wp-content\/uploads\/2024\/10\/VALENCE-TGV-768x355.jpg 768w\" sizes=\"auto, (max-width: 920px) 100vw, 920px\" \/><\/figure>\n\n\n\n<p>Depuis la gare de VALENCE TGV Rh\u00f4ne-Alpes Sud, la gare routi\u00e8re est situ\u00e9e c\u00f4t\u00e9 parking ALPES \/ P1 pour rejoindre les stations du Vercors (quais I (tous les d\u00e9parts) ou H (uniquement le samedi au d\u00e9part de 14h30). Ces quais sont situ\u00e9s pr\u00e8s de l&rsquo;agence de location SIXT.<\/p>\n\n\n\n<div class=\"wp-block-buttons is-content-justification-center is-layout-flex wp-container-core-buttons-is-layout-16018d1d wp-block-buttons-is-layout-flex\">\n<div class=\"wp-block-button\"><a class=\"wp-block-button__link wp-element-button\" href=\"https:\/\/www.transaltitude.fr\/wp-content\/uploads\/2024\/10\/PLAN-VALENCE-TGV.jpg\" target=\"_blank\" rel=\"noreferrer noopener\">Plan gare Valence TGV<\/a><\/div>\n<\/div>\n\n\n\n<h2 class=\"wp-block-heading\">Gare routi\u00e8re de voiron <\/h2>\n\n\n\n<figure class=\"wp-block-image size-large\"><img loading=\"lazy\" decoding=\"async\" width=\"1024\" height=\"473\" src=\"https:\/\/www.transaltitude.fr\/wp-content\/uploads\/2024\/10\/GARE-VOIRON-1024x473.jpg\" alt=\"\" class=\"wp-image-1342\" srcset=\"https:\/\/www.transaltitude.fr\/wp-content\/uploads\/2024\/10\/GARE-VOIRON-1024x473.jpg 1024w, https:\/\/www.transaltitude.fr\/wp-content\/uploads\/2024\/10\/GARE-VOIRON-300x139.jpg 300w, https:\/\/www.transaltitude.fr\/wp-content\/uploads\/2024\/10\/GARE-VOIRON-768x355.jpg 768w, https:\/\/www.transaltitude.fr\/wp-content\/uploads\/2024\/10\/GARE-VOIRON-1536x710.jpg 1536w, https:\/\/www.transaltitude.fr\/wp-content\/uploads\/2024\/10\/GARE-VOIRON-2048x946.jpg 2048w\" sizes=\"auto, (max-width: 1024px) 100vw, 1024px\" \/><\/figure>\n\n\n\n<p>\u00c0 VOIRON, les d\u00e9parts et retours se font depuis la Gare Routi\u00e8re NORD pour rejoindre la station Le Planolet St Pierre de Chartreuse.<\/p>\n\n\n\n<div class=\"wp-block-buttons is-content-justification-center is-layout-flex wp-container-core-buttons-is-layout-16018d1d wp-block-buttons-is-layout-flex\">\n<div class=\"wp-block-button\"><a class=\"wp-block-button__link wp-element-button\" href=\"https:\/\/www.transaltitude.fr\/wp-content\/uploads\/2024\/10\/Plan_Gare_Voiron-01-scaled.jpg\" target=\"_blank\" rel=\"noreferrer noopener\">Plan gare routi\u00e8re Nord Voiron <\/a><\/div>\n<\/div>\n\n\n\n<p><\/p>\n","protected":false},"excerpt":{"rendered":"<p>D\u00e9couvrez nos plans des gares routi\u00e8res et simplifiez vos trajets ! Gare routi\u00e8re de Grenoble La gare routi\u00e8re de Grenoble est situ\u00e9e \u00e0 quelques minutes \u00e0 peine de la gare SNCF. Pour y acc\u00e9der, rien de plus simple : prenez la sortie \u00ab\u00a0Centre-ville\u00a0\u00bb. Veillez \u00e0 ne pas emprunter la sortie \u00ab\u00a0Europole\u00a0\u00bb, qui vous dirigera dans [&hellip;]<\/p>\n","protected":false},"author":6,"featured_media":0,"parent":0,"menu_order":0,"comment_status":"closed","ping_status":"closed","template":"","meta":{"_acf_changed":false,"_seopress_robots_primary_cat":"","_seopress_titles_title":"Plans des Gares routi\u00e8res - Transaltitude","_seopress_titles_desc":"D\u00e9couvrez nos plans des gares routi\u00e8res et simplifiez vos trajets ! Gare routi\u00e8re de Grenoble \/ Gare Routi\u00e8re de valence \/ Gare routi\u00e8re de Voiron","_seopress_robots_index":"","footnotes":""},"class_list":["post-1117","page","type-page","status-publish","hentry"],"acf":[],"_links":{"self":[{"href":"https:\/\/www.transaltitude.fr\/fr\/wp-json\/wp\/v2\/pages\/1117","targetHints":{"allow":["GET"]}}],"collection":[{"href":"https:\/\/www.transaltitude.fr\/fr\/wp-json\/wp\/v2\/pages"}],"about":[{"href":"https:\/\/www.transaltitude.fr\/fr\/wp-json\/wp\/v2\/types\/page"}],"author":[{"embeddable":true,"href":"https:\/\/www.transaltitude.fr\/fr\/wp-json\/wp\/v2\/users\/6"}],"replies":[{"embeddable":true,"href":"https:\/\/www.transaltitude.fr\/fr\/wp-json\/wp\/v2\/comments?post=1117"}],"version-history":[{"count":31,"href":"https:\/\/www.transaltitude.fr\/fr\/wp-json\/wp\/v2\/pages\/1117\/revisions"}],"predecessor-version":[{"id":2969,"href":"https:\/\/www.transaltitude.fr\/fr\/wp-json\/wp\/v2\/pages\/1117\/revisions\/2969"}],"wp:attachment":[{"href":"https:\/\/www.transaltitude.fr\/fr\/wp-json\/wp\/v2\/media?parent=1117"}],"curies":[{"name":"wp","href":"https:\/\/api.w.org\/{rel}","templated":true}]}}