{"id":1108,"date":"2024-10-08T15:42:09","date_gmt":"2024-10-08T13:42:09","guid":{"rendered":"https:\/\/www.transaltitude.fr\/?page_id=1108"},"modified":"2025-10-29T11:29:36","modified_gmt":"2025-10-29T10:29:36","slug":"plan-du-reseau","status":"publish","type":"page","link":"https:\/\/www.transaltitude.fr\/fr\/plan-du-reseau\/","title":{"rendered":"Plan de lignes"},"content":{"rendered":"\n<p class=\"has-text-align-center has-regular-font-size\">Conna\u00eetre les lignes pour mieux organiser votre d\u00e9placement !<\/p>\n\n\n\n<div class=\"wp-block-media-text alignwide has-media-on-the-right is-stacked-on-mobile\" style=\"grid-template-columns:auto 38%\"><div class=\"wp-block-media-text__content\">\n<p class=\"has-large-font-size\">Transaltitude vous propose un plan pour naviguer facilement dans notre r\u00e9seau.<\/p>\n\n\n\n<p class=\"has-large-font-size\">Gr\u00e2ce \u00e0 cet outil, vous pouvez visualiser clairement les diff\u00e9rents itin\u00e9raires disponibles, facilitant ainsi la planification de vos trajets.<\/p>\n\n\n\n<p class=\"has-large-font-size\">Trouvez facilement la destination qui correspond le mieux \u00e0 vos besoins et \u00e0 vos envies.<\/p>\n<\/div><figure class=\"wp-block-media-text__media\"><img loading=\"lazy\" decoding=\"async\" width=\"1024\" height=\"771\" src=\"https:\/\/www.transaltitude.fr\/wp-content\/uploads\/2024\/10\/emplacement-application-mobile-est-art-numerique-1-1024x771.png\" alt=\"\" class=\"wp-image-1112 size-full\" srcset=\"https:\/\/www.transaltitude.fr\/wp-content\/uploads\/2024\/10\/emplacement-application-mobile-est-art-numerique-1-1024x771.png 1024w, https:\/\/www.transaltitude.fr\/wp-content\/uploads\/2024\/10\/emplacement-application-mobile-est-art-numerique-1-300x226.png 300w, https:\/\/www.transaltitude.fr\/wp-content\/uploads\/2024\/10\/emplacement-application-mobile-est-art-numerique-1-768x578.png 768w, https:\/\/www.transaltitude.fr\/wp-content\/uploads\/2024\/10\/emplacement-application-mobile-est-art-numerique-1-1536x1157.png 1536w, https:\/\/www.transaltitude.fr\/wp-content\/uploads\/2024\/10\/emplacement-application-mobile-est-art-numerique-1.png 2000w\" sizes=\"auto, (max-width: 1024px) 100vw, 1024px\" \/><\/figure><\/div>\n\n\n\n<div class=\"wp-block-buttons is-content-justification-center is-layout-flex wp-container-core-buttons-is-layout-16018d1d wp-block-buttons-is-layout-flex\">\n<div class=\"wp-block-button\"><a class=\"wp-block-button__link has-text-align-center wp-element-button\" href=\"https:\/\/www.transaltitude.fr\/wp-content\/uploads\/2025\/10\/PLAN-DE-LIGNES_FR.pdf\" target=\"_blank\" rel=\"noreferrer noopener\">Je d\u00e9couvre<\/a><\/div>\n<\/div>\n\n\n\n<p><\/p>\n","protected":false},"excerpt":{"rendered":"<p>Conna\u00eetre les lignes pour mieux organiser votre d\u00e9placement ! Transaltitude vous propose un plan pour naviguer facilement dans notre r\u00e9seau. Gr\u00e2ce \u00e0 cet outil, vous pouvez visualiser clairement les diff\u00e9rents itin\u00e9raires disponibles, facilitant ainsi la planification de vos trajets. Trouvez facilement la destination qui correspond le mieux \u00e0 vos besoins et \u00e0 vos envies.<\/p>\n","protected":false},"author":6,"featured_media":0,"parent":0,"menu_order":0,"comment_status":"closed","ping_status":"closed","template":"","meta":{"_acf_changed":false,"_seopress_robots_primary_cat":"","_seopress_titles_title":"Le Plan du R\u00e9seau Transaltitude","_seopress_titles_desc":"D\u00e9couvrez le plan de notre r\u00e9seau Transaltitude pour mieux visualiser nos lignes et voyager plus facilement.","_seopress_robots_index":"","footnotes":""},"class_list":["post-1108","page","type-page","status-publish","hentry"],"acf":[],"_links":{"self":[{"href":"https:\/\/www.transaltitude.fr\/fr\/wp-json\/wp\/v2\/pages\/1108","targetHints":{"allow":["GET"]}}],"collection":[{"href":"https:\/\/www.transaltitude.fr\/fr\/wp-json\/wp\/v2\/pages"}],"about":[{"href":"https:\/\/www.transaltitude.fr\/fr\/wp-json\/wp\/v2\/types\/page"}],"author":[{"embeddable":true,"href":"https:\/\/www.transaltitude.fr\/fr\/wp-json\/wp\/v2\/users\/6"}],"replies":[{"embeddable":true,"href":"https:\/\/www.transaltitude.fr\/fr\/wp-json\/wp\/v2\/comments?post=1108"}],"version-history":[{"count":18,"href":"https:\/\/www.transaltitude.fr\/fr\/wp-json\/wp\/v2\/pages\/1108\/revisions"}],"predecessor-version":[{"id":2747,"href":"https:\/\/www.transaltitude.fr\/fr\/wp-json\/wp\/v2\/pages\/1108\/revisions\/2747"}],"wp:attachment":[{"href":"https:\/\/www.transaltitude.fr\/fr\/wp-json\/wp\/v2\/media?parent=1108"}],"curies":[{"name":"wp","href":"https:\/\/api.w.org\/{rel}","templated":true}]}}