{"id":1089,"date":"2024-10-08T12:14:40","date_gmt":"2024-10-08T10:14:40","guid":{"rendered":"https:\/\/www.transaltitude.fr\/?page_id=1089"},"modified":"2024-10-25T17:52:40","modified_gmt":"2024-10-25T15:52:40","slug":"handicap-et-accesibilite","status":"publish","type":"page","link":"https:\/\/www.transaltitude.fr\/fr\/handicap-et-accesibilite\/","title":{"rendered":"Handicap et accessibilit\u00e9"},"content":{"rendered":"\n<p class=\"has-text-align-center has-regular-font-size\">Voyager en situation de handicap ou de mobilit\u00e9 r\u00e9duite en toute s\u00e9r\u00e9nit\u00e9 !<\/p>\n\n\n\n<figure class=\"wp-block-image size-large\"><img loading=\"lazy\" decoding=\"async\" width=\"1024\" height=\"473\" src=\"https:\/\/www.transaltitude.fr\/wp-content\/uploads\/2024\/10\/HANDICAP-1024x473.jpg\" alt=\"\" class=\"wp-image-1417\" srcset=\"https:\/\/www.transaltitude.fr\/wp-content\/uploads\/2024\/10\/HANDICAP-1024x473.jpg 1024w, https:\/\/www.transaltitude.fr\/wp-content\/uploads\/2024\/10\/HANDICAP-300x139.jpg 300w, https:\/\/www.transaltitude.fr\/wp-content\/uploads\/2024\/10\/HANDICAP-768x355.jpg 768w, https:\/\/www.transaltitude.fr\/wp-content\/uploads\/2024\/10\/HANDICAP-1536x710.jpg 1536w, https:\/\/www.transaltitude.fr\/wp-content\/uploads\/2024\/10\/HANDICAP-2048x946.jpg 2048w\" sizes=\"auto, (max-width: 1024px) 100vw, 1024px\" \/><\/figure>\n\n\n\n<h2 class=\"wp-block-heading\">voyager avec un fauteuil roulant<\/h2>\n\n\n\n<p><strong>Voyager en toute s\u00e9curit\u00e9 avec Transaltitude<\/strong> !<\/p>\n\n\n\n<p>Chez Transltitude, nous nous engageons \u00e0 rendre vos voyages accessibles. Nos cars sont adapt\u00e9s pour accueillir les passagers en fauteuil roulant, afin que chacun puisse voyager en toute s\u00e9r\u00e9nit\u00e9.<\/p>\n\n\n\n<p>Lors de votre r\u00e9servation, apr\u00e8s avoir s\u00e9lectionn\u00e9 votre voyage et votre tarif, <strong>vous serez dirig\u00e9 vers la page \u00ab\u00a0Options de voyage\u00a0\u00bb<\/strong>.<strong> \u00c0 ce moment-l\u00e0, pensez \u00e0 indiquer votre situation en cochant l&rsquo;option \u00ab\u00a0Place UFR\u00a0\u00bb.<\/strong> Cela nous permettra d&rsquo;\u00eatre inform\u00e9 de votre besoin d&rsquo;un car adapt\u00e9.<\/p>\n\n\n\n<p>Il est imp\u00e9ratif de <strong>formuler cette demande au moins 48 heures avant votre date de voyage. <\/strong>Pour des r\u00e9servations de derni\u00e8re minute, il ne sera pas possible de s\u00e9lectionner cette option, car nos \u00e9quipes ont besoin de ce d\u00e9lai pour mettre en place un car adapt\u00e9.<\/p>\n\n\n\n<p>Cette option est enti\u00e8rement gratuite et ne g\u00e9n\u00e8re aucun co\u00fbt suppl\u00e9mentaire.<\/p>\n\n\n\n<p>Si vous avez des questions concernant un voyage pour une personne en situation de handicap ou \u00e0 mobilit\u00e9 r\u00e9duite, n\u2019h\u00e9sitez pas \u00e0 contacter notre service client, qui se fera un plaisir de vous aider.<\/p>\n\n\n\n<div class=\"wp-block-buttons is-content-justification-center is-layout-flex wp-container-core-buttons-is-layout-16018d1d wp-block-buttons-is-layout-flex\">\n<div class=\"wp-block-button\"><a class=\"wp-block-button__link wp-element-button\" href=\"https:\/\/www.transaltitude.fr\/fr\/pour-nous-contacter\/\">NOUS CONTACTER<\/a><\/div>\n<\/div>\n\n\n\n<p><\/p>\n\n\n\n<p><\/p>\n\n\n\n<p><\/p>\n","protected":false},"excerpt":{"rendered":"<p>Voyager en situation de handicap ou de mobilit\u00e9 r\u00e9duite en toute s\u00e9r\u00e9nit\u00e9 ! voyager avec un fauteuil roulant Voyager en toute s\u00e9curit\u00e9 avec Transaltitude ! Chez Transltitude, nous nous engageons \u00e0 rendre vos voyages accessibles. Nos cars sont adapt\u00e9s pour accueillir les passagers en fauteuil roulant, afin que chacun puisse voyager en toute s\u00e9r\u00e9nit\u00e9. Lors [&hellip;]<\/p>\n","protected":false},"author":6,"featured_media":0,"parent":0,"menu_order":0,"comment_status":"closed","ping_status":"closed","template":"","meta":{"_acf_changed":false,"_seopress_robots_primary_cat":"","_seopress_titles_title":"Voyage & Handicap : d\u00e9couvrez les services de Transaltitude","_seopress_titles_desc":"Voyagez sereinement en situation de handicap ! R\u00e9servez sur notre site internet 48 heures \u00e0 l'avance pour garantir un car adapt\u00e9 \u00e0 vos besoins.","_seopress_robots_index":"","footnotes":""},"class_list":["post-1089","page","type-page","status-publish","hentry"],"acf":[],"_links":{"self":[{"href":"https:\/\/www.transaltitude.fr\/fr\/wp-json\/wp\/v2\/pages\/1089","targetHints":{"allow":["GET"]}}],"collection":[{"href":"https:\/\/www.transaltitude.fr\/fr\/wp-json\/wp\/v2\/pages"}],"about":[{"href":"https:\/\/www.transaltitude.fr\/fr\/wp-json\/wp\/v2\/types\/page"}],"author":[{"embeddable":true,"href":"https:\/\/www.transaltitude.fr\/fr\/wp-json\/wp\/v2\/users\/6"}],"replies":[{"embeddable":true,"href":"https:\/\/www.transaltitude.fr\/fr\/wp-json\/wp\/v2\/comments?post=1089"}],"version-history":[{"count":17,"href":"https:\/\/www.transaltitude.fr\/fr\/wp-json\/wp\/v2\/pages\/1089\/revisions"}],"predecessor-version":[{"id":1783,"href":"https:\/\/www.transaltitude.fr\/fr\/wp-json\/wp\/v2\/pages\/1089\/revisions\/1783"}],"wp:attachment":[{"href":"https:\/\/www.transaltitude.fr\/fr\/wp-json\/wp\/v2\/media?parent=1089"}],"curies":[{"name":"wp","href":"https:\/\/api.w.org\/{rel}","templated":true}]}}