{"id":1031,"date":"2024-10-08T10:34:41","date_gmt":"2024-10-08T08:34:41","guid":{"rendered":"https:\/\/www.transaltitude.fr\/?page_id=1031"},"modified":"2024-10-30T15:31:16","modified_gmt":"2024-10-30T14:31:16","slug":"voyager-accompagnes","status":"publish","type":"page","link":"https:\/\/www.transaltitude.fr\/fr\/voyager-accompagnes\/","title":{"rendered":"Voyager accompagn\u00e9"},"content":{"rendered":"\n<p class=\"has-text-align-center\" style=\"font-size:1.5rem\">Vous voyagez avec un b\u00e9b\u00e9, un enfant ou un animal ? Que ce soit en groupe ou en famille, d\u00e9couvrez nos services pour un voyage en toute s\u00e9curit\u00e9.<\/p>\n\n\n\n<figure class=\"wp-block-image size-large\"><img loading=\"lazy\" decoding=\"async\" width=\"1024\" height=\"473\" src=\"https:\/\/www.transaltitude.fr\/wp-content\/uploads\/2024\/10\/voyage-enfant-1024x473.jpg\" alt=\"\" class=\"wp-image-1373\" srcset=\"https:\/\/www.transaltitude.fr\/wp-content\/uploads\/2024\/10\/voyage-enfant-1024x473.jpg 1024w, https:\/\/www.transaltitude.fr\/wp-content\/uploads\/2024\/10\/voyage-enfant-300x139.jpg 300w, https:\/\/www.transaltitude.fr\/wp-content\/uploads\/2024\/10\/voyage-enfant-768x355.jpg 768w, https:\/\/www.transaltitude.fr\/wp-content\/uploads\/2024\/10\/voyage-enfant-1536x710.jpg 1536w, https:\/\/www.transaltitude.fr\/wp-content\/uploads\/2024\/10\/voyage-enfant-2048x946.jpg 2048w\" sizes=\"auto, (max-width: 1024px) 100vw, 1024px\" \/><\/figure>\n\n\n\n<h2 class=\"wp-block-heading\">VoyageR avec un b\u00e9b\u00e9<\/h2>\n\n\n\n<p><strong>Le transport est gratuit pour les enfants de moins de 3 ans !<\/strong><\/p>\n\n\n\n<p>Lors de votre r\u00e9servation avec Transaltitude, c&rsquo;est tr\u00e8s simple : il vous suffit de r\u00e9server une place au tarif \u00ab\u00a0b\u00e9b\u00e9\u00a0\u00bb (moins de 3 ans). Ainsi, votre b\u00e9b\u00e9 aura sa place assise garantie \u00e0 bord. Transaltitude ne fournit pas de si\u00e8ge auto pour les enfants.<\/p>\n\n\n\n<p><strong>Et si votre enfant a plus de 3 ans ?<\/strong><\/p>\n\n\n\n<p>Il vous suffit de s\u00e9lectionner le tarif \u00ab\u00a0moins de 26 ans\u00a0\u00bb pour profiter d&rsquo;un tarif avantageux.<\/p>\n\n\n\n<h2 class=\"wp-block-heading\">Voyager en groupe<\/h2>\n\n\n\n<p><strong>Voyager en groupe avec Transaltitude !<\/strong><\/p>\n\n\n\n<p>Vous pouvez r\u00e9server jusqu&rsquo;\u00e0 20 personnes pour vos d\u00e9placements en groupe.<\/p>\n\n\n\n<p>Transaltitude ne propose pas de tarifs sp\u00e9ciaux pour les groupes. <\/p>\n\n\n\n<p>Cependant, si vous \u00eates plus de 20 personnes et que vous souhaitez organiser un voyage sur mesure ou demander des horaires non disponibles sur notre r\u00e9seau, n&rsquo;h\u00e9sitez pas \u00e0 contacter notre service client. <\/p>\n\n\n\n<h2 class=\"wp-block-heading\">Voyager avec un animal<\/h2>\n\n\n\n<p><strong>Avec Transaltitude, vos animaux sont les bienvenus \u00e0 bord !<\/strong><\/p>\n\n\n\n<p>Pour les petits animaux, il n&rsquo;est pas n\u00e9cessaire de r\u00e9server un billet. Ils peuvent voyager en cage sur les genoux de leur ma\u00eetre, mais attention : la cage ne doit pas \u00eatre plac\u00e9e \u00e0 vos pieds pour des raisons de s\u00e9curit\u00e9.<\/p>\n\n\n\n<p>Si votre animal est de taille plus imposante, vous pouvez \u00e9galement voyager avec lui, mais un billet \u00ab\u00a0plein tarif\u00a0\u00bb devra \u00eatre r\u00e9serv\u00e9. Il est imp\u00e9ratif que votre animal soit tenu en laisse dans le bus et qu&rsquo;il soit musel\u00e9. Il voyagera alors aux pieds de son ma\u00eetre. <\/p>\n\n\n\n<p>Nous vous rappelons que l&rsquo;all\u00e9e centrale doit rester d\u00e9gag\u00e9e.<\/p>\n\n\n\n<p><\/p>\n","protected":false},"excerpt":{"rendered":"<p>Vous voyagez avec un b\u00e9b\u00e9, un enfant ou un animal ? Que ce soit en groupe ou en famille, d\u00e9couvrez nos services pour un voyage en toute s\u00e9curit\u00e9. VoyageR avec un b\u00e9b\u00e9 Le transport est gratuit pour les enfants de moins de 3 ans ! Lors de votre r\u00e9servation avec Transaltitude, c&rsquo;est tr\u00e8s simple : [&hellip;]<\/p>\n","protected":false},"author":6,"featured_media":0,"parent":0,"menu_order":0,"comment_status":"closed","ping_status":"closed","template":"","meta":{"_acf_changed":false,"_seopress_robots_primary_cat":"","_seopress_titles_title":"Voyagez accompagn\u00e9s","_seopress_titles_desc":"Vous voyagez avec un b\u00e9b\u00e9, un enfant, en groupe ou avec un animal ? D\u00e9couvrez toutes les informations n\u00e9cessaires pour pr\u00e9parer votre voyage.","_seopress_robots_index":"","footnotes":""},"class_list":["post-1031","page","type-page","status-publish","hentry"],"acf":[],"_links":{"self":[{"href":"https:\/\/www.transaltitude.fr\/fr\/wp-json\/wp\/v2\/pages\/1031","targetHints":{"allow":["GET"]}}],"collection":[{"href":"https:\/\/www.transaltitude.fr\/fr\/wp-json\/wp\/v2\/pages"}],"about":[{"href":"https:\/\/www.transaltitude.fr\/fr\/wp-json\/wp\/v2\/types\/page"}],"author":[{"embeddable":true,"href":"https:\/\/www.transaltitude.fr\/fr\/wp-json\/wp\/v2\/users\/6"}],"replies":[{"embeddable":true,"href":"https:\/\/www.transaltitude.fr\/fr\/wp-json\/wp\/v2\/comments?post=1031"}],"version-history":[{"count":27,"href":"https:\/\/www.transaltitude.fr\/fr\/wp-json\/wp\/v2\/pages\/1031\/revisions"}],"predecessor-version":[{"id":1946,"href":"https:\/\/www.transaltitude.fr\/fr\/wp-json\/wp\/v2\/pages\/1031\/revisions\/1946"}],"wp:attachment":[{"href":"https:\/\/www.transaltitude.fr\/fr\/wp-json\/wp\/v2\/media?parent=1031"}],"curies":[{"name":"wp","href":"https:\/\/api.w.org\/{rel}","templated":true}]}}