{"id":1172,"date":"2024-10-10T16:39:55","date_gmt":"2024-10-10T14:39:55","guid":{"rendered":"https:\/\/www.transaltitude.fr\/?page_id=1172"},"modified":"2024-10-25T16:05:29","modified_gmt":"2024-10-25T14:05:29","slug":"luggage","status":"publish","type":"page","link":"https:\/\/www.transaltitude.fr\/en\/luggage\/","title":{"rendered":"Luggage"},"content":{"rendered":"\n<p class=\"has-text-align-center has-regular-font-size\">Discover the free baggage pack included in your ticket and get ready to travel with peace of mind !<\/p>\n\n\n\n<figure class=\"wp-block-image size-full\"><img loading=\"lazy\" decoding=\"async\" width=\"920\" height=\"400\" src=\"https:\/\/www.transaltitude.fr\/wp-content\/uploads\/2024\/10\/bandeau-page-contenu-BAGAGES-1.jpg\" alt=\"\" class=\"wp-image-1319\" srcset=\"https:\/\/www.transaltitude.fr\/wp-content\/uploads\/2024\/10\/bandeau-page-contenu-BAGAGES-1.jpg 920w, https:\/\/www.transaltitude.fr\/wp-content\/uploads\/2024\/10\/bandeau-page-contenu-BAGAGES-1-300x130.jpg 300w, https:\/\/www.transaltitude.fr\/wp-content\/uploads\/2024\/10\/bandeau-page-contenu-BAGAGES-1-768x334.jpg 768w\" sizes=\"auto, (max-width: 920px) 100vw, 920px\" \/><\/figure>\n\n\n\n<h2 class=\"wp-block-heading\">Free luggage pack<\/h2>\n\n\n\n<p>A free baggage pack is included in your ticket. Given the limited space in a coach, we must restrict the number and volume of luggage. Please adhere to the size and weight guidelines detailed below. <\/p>\n\n\n\n<div class=\"wp-block-group mis-en-avant is-layout-flow wp-block-group-is-layout-flow\">\n<div class=\"wp-block-group content is-layout-flow wp-block-group-is-layout-flow\">\n<p class=\"title\">The baggage pack includes:<\/p>\n\n\n\n<ul class=\"wp-block-list\">\n<li>1 suitcase or travel bag (to be placed in the luggage compartment) \u2013 Note: the three dimensions of the baggage (height + depth + width) must not exceed 150 cm. Maximum weight: 20 kg.<\/li>\n\n\n\n<li>1 small carry-on bag (to be kept on board the bus) \u2013 Maximum size of carry-on bag: 50 cm x 35 cm x 20 cm<\/li>\n\n\n\n<li>1 pair of ski boots (to be placed in the luggage compartment)<\/li>\n\n\n\n<li>1 pair of skis or 1 snowboard (to be placed in the luggage compartment)<\/li>\n<\/ul>\n<\/div>\n<\/div>\n\n\n\n<p>Hand luggage must be kept on board the coach and remains under the care and full responsibility of the passenger. It should not obstruct movement or safety within the vehicle.<\/p>\n\n\n\n<p>We recommend that our passengers keep fragile and valuable items, such as tablets, laptops, and cameras, with them on board to avoid any damage in the luggage compartments.<\/p>\n\n\n\n<h2 class=\"wp-block-heading\">Extra luggage<\/h2>\n\n\n\n<p>Please note that space in the coach&#8217;s luggage compartments is limited. If you wish to add an extra piece of luggage, you must reserve it, at an additional cost of \u20ac50.<\/p>\n\n\n\n<p><strong>Please note: Ensure that your extra bag does not exceed the following dimensions:<\/strong><\/p>\n\n\n\n<p><strong>&#8211; 150 cm ((hauteur + profondeur + largeur)<\/strong><\/p>\n\n\n\n<p><strong>&#8211; 20 kg maximum.<\/strong><\/p>\n\n\n\n<h2 class=\"wp-block-heading\">Luggage tagging<\/h2>\n\n\n\n<div class=\"wp-block-group mis-en-avant is-layout-flow wp-block-group-is-layout-flow\">\n<div class=\"wp-block-group content is-layout-flow wp-block-group-is-layout-flow\">\n<p class=\"title\">Luggage tagging is mandatory with Transaltitude<\/p>\n\n\n\n<p>We ask all our customers to label their luggage with their name, surname, and a contact number.<\/p>\n\n\n\n<p>During peak season, many travelers take our lines with their ski equipment, and it can happen that some have the same gear or similar bags. To avoid any confusion, tagging is essential. Feel free to personalize your equipment to make it more recognizable.<\/p>\n<\/div>\n<\/div>\n\n\n\n<h2 class=\"wp-block-heading\">Prohibited luggage<\/h2>\n\n\n\n<p>Certains type de bagages sont interdis lorsque vous voyagez avec Transaltitude pour des raisons de places limit\u00e9 \u00e0 bord de nos car mais \u00e9galement pour des raisons de s\u00e9curit\u00e9. Nous demandons \u00e0 nos client de respecter cette liste de bagages sou peine d&#8217;amende lors du voyage. Nous tenons \u00e0 rappeler \u00e0 nos voyageurs que des contr\u00f4le sont effectu\u00e9 en gare et qu&#8217;avec ce type de bagages vous vous exposez \u00e0 une amende forfaitaire de 90\u20ac par bagage.<\/p>\n\n\n\n<div class=\"wp-block-group mis-en-avant is-layout-flow wp-block-group-is-layout-flow\">\n<div class=\"wp-block-group content is-layout-flow wp-block-group-is-layout-flow\">\n<p class=\"title\">Prohibited luggage :<\/p>\n\n\n\n<ul class=\"wp-block-list\">\n<li>Wheeled ski bags : Even if they meet the dimensions, this type of luggage is too bulky and clutters the bus luggage compartments, thereby restricting available space.<\/li>\n\n\n\n<li>Bicycles : Whether foldable or not, this type of luggage is prohibited.<\/li>\n\n\n\n<li>Shopping bags \/ Packages \/ Open bags : Due to winding mountain roads, these types of luggage tend to tip over easily in the compartments.<\/li>\n\n\n\n<li>Glass containers : Glass bottles must be stored in suitcases, whether on board or in the luggage compartment.<\/li>\n\n\n\n<li>Dangerous items or materials : Any item or material that is soiling, flammable, corrosive, explosive, or in gas form is prohibited<\/li>\n<\/ul>\n<\/div>\n<\/div>\n\n\n\n<p><strong>Ski equipment bags or boot covers must not contain anything else. <\/strong><\/p>\n\n\n\n<p> Do not leave any personal items on the bus upon arrival at your destination. The bus for the outbound trip is different from the return trip.<\/p>\n\n\n\n<p><\/p>\n","protected":false},"excerpt":{"rendered":"<p>Discover the free baggage pack included in your ticket and get ready to travel with peace of mind ! Free luggage pack A free baggage pack is included in your ticket. Given the limited space in a coach, we must restrict the number and volume of luggage. Please adhere to the size and weight guidelines [&hellip;]<\/p>\n","protected":false},"author":6,"featured_media":0,"parent":0,"menu_order":0,"comment_status":"closed","ping_status":"closed","template":"","meta":{"_acf_changed":false,"_seopress_robots_primary_cat":"","_seopress_titles_title":"Luggage - Transaltitude","_seopress_titles_desc":"What luggage should you take for your trip? Find out about the allowed luggage, maximum dimensions and weight, as well as our additional luggage options.","_seopress_robots_index":"","footnotes":""},"class_list":["post-1172","page","type-page","status-publish","hentry"],"acf":[],"_links":{"self":[{"href":"https:\/\/www.transaltitude.fr\/en\/wp-json\/wp\/v2\/pages\/1172","targetHints":{"allow":["GET"]}}],"collection":[{"href":"https:\/\/www.transaltitude.fr\/en\/wp-json\/wp\/v2\/pages"}],"about":[{"href":"https:\/\/www.transaltitude.fr\/en\/wp-json\/wp\/v2\/types\/page"}],"author":[{"embeddable":true,"href":"https:\/\/www.transaltitude.fr\/en\/wp-json\/wp\/v2\/users\/6"}],"replies":[{"embeddable":true,"href":"https:\/\/www.transaltitude.fr\/en\/wp-json\/wp\/v2\/comments?post=1172"}],"version-history":[{"count":8,"href":"https:\/\/www.transaltitude.fr\/en\/wp-json\/wp\/v2\/pages\/1172\/revisions"}],"predecessor-version":[{"id":1731,"href":"https:\/\/www.transaltitude.fr\/en\/wp-json\/wp\/v2\/pages\/1172\/revisions\/1731"}],"wp:attachment":[{"href":"https:\/\/www.transaltitude.fr\/en\/wp-json\/wp\/v2\/media?parent=1172"}],"curies":[{"name":"wp","href":"https:\/\/api.w.org\/{rel}","templated":true}]}}